{"id":185,"date":"2020-10-25T13:11:55","date_gmt":"2020-10-25T12:11:55","guid":{"rendered":"http:\/\/www.finance-allrounder.com\/?page_id=185"},"modified":"2022-10-14T11:04:35","modified_gmt":"2022-10-14T09:04:35","slug":"impressum","status":"publish","type":"page","link":"https:\/\/www.finance-allrounder.com\/?page_id=185","title":{"rendered":"Impressum"},"content":{"rendered":"\n<p>Informationspflicht laut \u00a75 E-Commerce Gesetz, \u00a714 Unternehmensgesetzbuch, \u00a763 Gewerbeordnung und Offenlegungspflicht laut \u00a725 Mediengesetz.<\/p>\n\n\n\n<p><strong>Webseitenbetreiber:<\/strong><\/p>\n\n\n\n<p>Arno Morvay, MSc<\/p>\n\n\n\n<figure class=\"wp-block-image size-large is-resized\"><img loading=\"lazy\" decoding=\"async\" src=\"https:\/\/www.finance-allrounder.com\/wp-content\/uploads\/2022\/10\/image.png\" alt=\"\" class=\"wp-image-373\" width=\"280\" height=\"59\" srcset=\"https:\/\/www.finance-allrounder.com\/wp-content\/uploads\/2022\/10\/image.png 758w, https:\/\/www.finance-allrounder.com\/wp-content\/uploads\/2022\/10\/image-300x63.png 300w, https:\/\/www.finance-allrounder.com\/wp-content\/uploads\/2022\/10\/image-50x11.png 50w, https:\/\/www.finance-allrounder.com\/wp-content\/uploads\/2022\/10\/image-750x160.png 750w\" sizes=\"auto, (max-width: 280px) 100vw, 280px\" \/><\/figure>\n\n\n\n<h2 class=\"wp-block-heading\">EU-Streitschlichtung<\/h2>\n\n\n\n<p>Gem\u00e4\u00df Verordnung \u00fcber Online-Streitbeilegung in Verbraucherangelegenheiten (ODR-Verordnung) m\u00f6chten wir Sie \u00fcber die Online-Streitbeilegungsplattform (OS-Plattform) informieren.<br>Verbraucher haben die M\u00f6glichkeit, Beschwerden an die Online Streitbeilegungsplattform der Europ\u00e4ischen Kommission unter <a href=\"https:\/\/ec.europa.eu\/consumers\/odr\/main\/index.cfm?event=main.home2.show&amp;lng=DE\" target=\"_blank\" rel=\"noreferrer noopener\">http:\/\/ec.europa.eu\/odr?tid=221135107<\/a> zu richten. Die daf\u00fcr notwendigen Kontaktdaten finden Sie oberhalb in unserem Impressum.<\/p>\n\n\n\n<p>Wir m\u00f6chten Sie jedoch darauf hinweisen, dass wir nicht bereit oder verpflichtet sind, an Streitbeilegungsverfahren vor einer Verbraucherschlichtungsstelle teilzunehmen.<\/p>\n\n\n\n<h2 class=\"wp-block-heading\">Haftung f\u00fcr Inhalte dieser Webseite<\/h2>\n\n\n\n<p>Wir entwickeln die Inhalte dieser Webseite st\u00e4ndig weiter und bem\u00fchen uns korrekte und aktuelle Informationen bereitzustellen. Leider k\u00f6nnen wir keine Haftung f\u00fcr die Korrektheit aller Inhalte auf dieser Webseite \u00fcbernehmen, speziell f\u00fcr jene die seitens Dritter bereitgestellt wurden.<\/p>\n\n\n\n<p>Sollten Ihnen problematische oder rechtswidrige Inhalte auffallen, bitten wir Sie uns umgehend zu kontaktieren, Sie finden die Kontaktdaten im Impressum. Diese Webseite dient als Kontaktaufnahme zu Herrn Arno Morvay, es werden keine Produkte oder Dienstleistungen seinerseits angeboten, beraten oder vermittelt. Aufgelistete Kompetenzen sollen lediglich die Ausbildungen und Kenntnisse des Herrn Arno Morvay durch seine berufliche Erfahrung widerspiegeln. Diese Homepage wird als Privatperson gef\u00fchrt und befindet sich noch im Aufbau.<\/p>\n\n\n\n<h2 class=\"wp-block-heading\">Haftung f\u00fcr Links auf dieser Webseite<\/h2>\n\n\n\n<p>Unsere Webseite enth\u00e4lt Links zu anderen Webseiten f\u00fcr deren Inhalt wir nicht verantwortlich sind. Haftung f\u00fcr verlinkte Websites besteht laut <a href=\"https:\/\/www.ris.bka.gv.at\/Dokument.wxe?Abfrage=Bundesnormen&amp;Dokumentnummer=NOR40025813&amp;tid=221135107\" target=\"_blank\" rel=\"noreferrer noopener\">\u00a7 17 ECG<\/a> f\u00fcr uns nicht, da wir keine Kenntnis rechtswidriger T\u00e4tigkeiten hatten und haben, uns solche Rechtswidrigkeiten auch bisher nicht aufgefallen sind und wir Links sofort entfernen w\u00fcrden, wenn uns Rechtswidrigkeiten bekannt werden.<\/p>\n\n\n\n<p>Wenn Ihnen rechtswidrige Links auf unserer Website auffallen, bitten wir Sie uns zu kontaktieren, Sie finden die Kontaktdaten im Impressum.<\/p>\n\n\n\n<h2 class=\"wp-block-heading\">Urheberrechtshinweis<\/h2>\n\n\n\n<p>Alle Inhalte dieser Webseite (Bilder, Logo, Fotos, Texte, Videos) unterliegen dem Urheberrecht. Falls notwendig, werden wir die unerlaubte Nutzung von Teilen der Inhalte unserer Seite rechtlich verfolgen.<\/p>\n\n\n\n<h2 class=\"wp-block-heading\">Bildernachweis<\/h2>\n\n\n\n<p>Die verwendeten Bilder, Fotos und Grafiken die nicht selbst erstellt wurden auf dieser Webseite sind urheberrechtlich gesch\u00fctzt und stehen auf diversen Webseiten f\u00fcr private und kommerzielle Zwecke frei zur Verf\u00fcgung.<\/p>\n\n\n\n<p>Quelle: Erstellt mit dem <a href=\"https:\/\/www.firmenwebseiten.at\/datenschutz-generator\/\">Datenschutz Generator<\/a> von firmenwebseiten.at in Kooperation mit <a href=\"https:\/\/www.adsimple.at\/\">adsimple.at<\/a><\/p>\n","protected":false},"excerpt":{"rendered":"<p>Informationspflicht laut \u00a75 E-Commerce Gesetz, \u00a714 Unternehmensgesetzbuch, \u00a763 Gewerbeordnung und Offenlegungspflicht laut \u00a725 Mediengesetz. Webseitenbetreiber: Arno Morvay, MSc EU-Streitschlichtung Gem\u00e4\u00df Verordnung \u00fcber Online-Streitbeilegung in Verbraucherangelegenheiten (ODR-Verordnung) m\u00f6chten wir Sie \u00fcber die Online-Streitbeilegungsplattform (OS-Plattform) informieren.Verbraucher haben die M\u00f6glichkeit, Beschwerden an die Online Streitbeilegungsplattform der Europ\u00e4ischen Kommission unter http:\/\/ec.europa.eu\/odr?tid=221135107 zu richten. Die daf\u00fcr notwendigen Kontaktdaten finden Sie<a href=\"https:\/\/www.finance-allrounder.com\/?page_id=185\">[&#8230;]<\/a><\/p>\n","protected":false},"author":1,"featured_media":0,"parent":0,"menu_order":0,"comment_status":"closed","ping_status":"closed","template":"template-fullwidth.php","meta":{"footnotes":""},"class_list":["post-185","page","type-page","status-publish","hentry"],"wppr_data":{"cwp_meta_box_check":"No"},"amp_enabled":true,"_links":{"self":[{"href":"https:\/\/www.finance-allrounder.com\/index.php?rest_route=\/wp\/v2\/pages\/185","targetHints":{"allow":["GET"]}}],"collection":[{"href":"https:\/\/www.finance-allrounder.com\/index.php?rest_route=\/wp\/v2\/pages"}],"about":[{"href":"https:\/\/www.finance-allrounder.com\/index.php?rest_route=\/wp\/v2\/types\/page"}],"author":[{"embeddable":true,"href":"https:\/\/www.finance-allrounder.com\/index.php?rest_route=\/wp\/v2\/users\/1"}],"replies":[{"embeddable":true,"href":"https:\/\/www.finance-allrounder.com\/index.php?rest_route=%2Fwp%2Fv2%2Fcomments&post=185"}],"version-history":[{"count":22,"href":"https:\/\/www.finance-allrounder.com\/index.php?rest_route=\/wp\/v2\/pages\/185\/revisions"}],"predecessor-version":[{"id":374,"href":"https:\/\/www.finance-allrounder.com\/index.php?rest_route=\/wp\/v2\/pages\/185\/revisions\/374"}],"wp:attachment":[{"href":"https:\/\/www.finance-allrounder.com\/index.php?rest_route=%2Fwp%2Fv2%2Fmedia&parent=185"}],"curies":[{"name":"wp","href":"https:\/\/api.w.org\/{rel}","templated":true}]}}